{"id":387,"date":"2024-06-19T07:58:37","date_gmt":"2024-06-19T07:58:37","guid":{"rendered":"https:\/\/www.vulkans.lv\/?page_id=387"},"modified":"2024-06-20T10:38:12","modified_gmt":"2024-06-20T10:38:12","slug":"blogs","status":"publish","type":"page","link":"https:\/\/www.vulkans.lv\/ru\/blogs\/","title":{"rendered":"Blogs"},"content":{"rendered":"<div data-elementor-type=\"wp-page\" data-elementor-id=\"387\" class=\"elementor elementor-387\" data-elementor-post-type=\"page\">\n\t\t\t\t<div class=\"elementor-element elementor-element-d8d7d73 e-con-full e-flex e-con e-parent\" data-id=\"d8d7d73\" data-element_type=\"container\" data-e-type=\"container\" data-settings=\"{&quot;background_background&quot;:&quot;classic&quot;}\">\n\t\t\t\t<div class=\"elementor-element elementor-element-5059a48 elementor-widget elementor-widget-heading\" data-id=\"5059a48\" data-element_type=\"widget\" data-e-type=\"widget\" data-widget_type=\"heading.default\">\n\t\t\t\t<div class=\"elementor-widget-container\">\n\t\t\t\t\t<h2 class=\"elementor-heading-title elementor-size-default\">Blogs<\/h2>\t\t\t\t<\/div>\n\t\t\t\t<\/div>\n\t\t\t\t<\/div>\n\t\t<div class=\"elementor-element elementor-element-c1f2a9d e-con-full e-flex e-con e-parent\" data-id=\"c1f2a9d\" data-element_type=\"container\" data-e-type=\"container\">\n\t\t<div class=\"elementor-element elementor-element-2502060 e-con-full e-flex e-con e-child\" data-id=\"2502060\" data-element_type=\"container\" data-e-type=\"container\">\n\t\t\t\t<div class=\"elementor-element elementor-element-6232ac6 elementor-grid-3 elementor-grid-tablet-2 elementor-grid-mobile-1 elementor-posts--thumbnail-top elementor-card-shadow-yes elementor-posts__hover-gradient load-more-align-center elementor-widget elementor-widget-posts\" data-id=\"6232ac6\" data-element_type=\"widget\" data-e-type=\"widget\" data-settings=\"{&quot;pagination_type&quot;:&quot;load_more_on_click&quot;,&quot;cards_columns&quot;:&quot;3&quot;,&quot;cards_columns_tablet&quot;:&quot;2&quot;,&quot;cards_columns_mobile&quot;:&quot;1&quot;,&quot;cards_row_gap&quot;:{&quot;unit&quot;:&quot;px&quot;,&quot;size&quot;:35,&quot;sizes&quot;:[]},&quot;cards_row_gap_tablet&quot;:{&quot;unit&quot;:&quot;px&quot;,&quot;size&quot;:&quot;&quot;,&quot;sizes&quot;:[]},&quot;cards_row_gap_mobile&quot;:{&quot;unit&quot;:&quot;px&quot;,&quot;size&quot;:&quot;&quot;,&quot;sizes&quot;:[]},&quot;load_more_spinner&quot;:{&quot;value&quot;:&quot;fas fa-spinner&quot;,&quot;library&quot;:&quot;fa-solid&quot;}}\" data-widget_type=\"posts.cards\">\n\t\t\t\t<div class=\"elementor-widget-container\">\n\t\t\t\t\t\t\t<div class=\"elementor-posts-container elementor-posts elementor-posts--skin-cards elementor-grid\" role=\"list\">\n\t\t\t\t<article class=\"elementor-post elementor-grid-item post-353 post type-post status-publish format-standard has-post-thumbnail hentry category-auto-norakstisana\" role=\"listitem\">\n\t\t\t<div class=\"elementor-post__card\">\n\t\t\t\t<a class=\"elementor-post__thumbnail__link\" href=\"https:\/\/www.vulkans.lv\/ru\/drosa-auto-norakstisana\/\" tabindex=\"-1\" ><div class=\"elementor-post__thumbnail\"><img fetchpriority=\"high\" decoding=\"async\" width=\"768\" height=\"512\" src=\"https:\/\/www.vulkans.lv\/wp-content\/uploads\/2024\/06\/ChatGPT_Image_drosa_auto_norakstisana-768x512.png\" class=\"attachment-medium_large size-medium_large wp-image-1018\" alt=\"Auto norakst\u012b\u0161ana\" srcset=\"https:\/\/www.vulkans.lv\/wp-content\/uploads\/2024\/06\/ChatGPT_Image_drosa_auto_norakstisana-768x512.png 768w, https:\/\/www.vulkans.lv\/wp-content\/uploads\/2024\/06\/ChatGPT_Image_drosa_auto_norakstisana-300x200.png 300w, https:\/\/www.vulkans.lv\/wp-content\/uploads\/2024\/06\/ChatGPT_Image_drosa_auto_norakstisana-1024x683.png 1024w, https:\/\/www.vulkans.lv\/wp-content\/uploads\/2024\/06\/ChatGPT_Image_drosa_auto_norakstisana-18x12.png 18w, https:\/\/www.vulkans.lv\/wp-content\/uploads\/2024\/06\/ChatGPT_Image_drosa_auto_norakstisana.png 1536w\" sizes=\"(max-width: 768px) 100vw, 768px\" \/><\/div><\/a>\n\t\t\t\t<div class=\"elementor-post__badge\">Auto norakst\u012b\u0161ana<\/div>\n\t\t\t\t<div class=\"elementor-post__text\">\n\t\t\t\t<h3 class=\"elementor-post__title\">\n\t\t\t<a href=\"https:\/\/www.vulkans.lv\/ru\/drosa-auto-norakstisana\/\" >\n\t\t\t\tDro\u0161a auto norakst\u012b\u0161ana\t\t\t<\/a>\n\t\t<\/h3>\n\t\t\t\t<div class=\"elementor-post__excerpt\">\n\t\t\t<p>Lai veiktu pareizu nolietotu transportl\u012bdzek\u013cu norakst\u012b\u0161anu un utiliz\u0101ciju, to \u012bpa\u0161niekiem vajadz\u0113tu iev\u0113rot un noskaidrot p\u0101ris jaut\u0101jumus.\u00a0 Kad transportl\u012bdzeklis ir norakst\u012bt, auto \u012bpa\u0161niekam ir ties\u012bbas l\u016bgt<\/p>\n\t\t<\/div>\n\t\t\n\t\t<a class=\"elementor-post__read-more\" href=\"https:\/\/www.vulkans.lv\/ru\/drosa-auto-norakstisana\/\" aria-label=\"Read more about Dro\u0161a auto norakst\u012b\u0161ana\" tabindex=\"-1\" >\n\t\t\tLas\u012bt vair\u0101k\t\t<\/a>\n\n\t\t\t\t<\/div>\n\t\t\t\t<div class=\"elementor-post__meta-data\">\n\t\t\t\t\t<span class=\"elementor-post-date\">\n\t\t\t18 \u0438\u044e\u043d\u044f, 2024\t\t<\/span>\n\t\t\t\t<\/div>\n\t\t\t\t\t<\/div>\n\t\t<\/article>\n\t\t\t\t<article class=\"elementor-post elementor-grid-item post-351 post type-post status-publish format-standard has-post-thumbnail hentry category-auto-norakstisana\" role=\"listitem\">\n\t\t\t<div class=\"elementor-post__card\">\n\t\t\t\t<a class=\"elementor-post__thumbnail__link\" href=\"https:\/\/www.vulkans.lv\/ru\/izmainas-transportlidzekla-ekspluatacijas-nodokla-nomaksa\/\" tabindex=\"-1\" ><div class=\"elementor-post__thumbnail\"><img decoding=\"async\" width=\"768\" height=\"512\" src=\"https:\/\/www.vulkans.lv\/wp-content\/uploads\/2024\/06\/Transportlidzekla_nodokla_izmainas_grafiski-768x512.png\" class=\"attachment-medium_large size-medium_large wp-image-1019\" alt=\"Nodoklis\" srcset=\"https:\/\/www.vulkans.lv\/wp-content\/uploads\/2024\/06\/Transportlidzekla_nodokla_izmainas_grafiski-768x512.png 768w, https:\/\/www.vulkans.lv\/wp-content\/uploads\/2024\/06\/Transportlidzekla_nodokla_izmainas_grafiski-300x200.png 300w, https:\/\/www.vulkans.lv\/wp-content\/uploads\/2024\/06\/Transportlidzekla_nodokla_izmainas_grafiski-1024x683.png 1024w, https:\/\/www.vulkans.lv\/wp-content\/uploads\/2024\/06\/Transportlidzekla_nodokla_izmainas_grafiski-18x12.png 18w, https:\/\/www.vulkans.lv\/wp-content\/uploads\/2024\/06\/Transportlidzekla_nodokla_izmainas_grafiski.png 1536w\" sizes=\"(max-width: 768px) 100vw, 768px\" \/><\/div><\/a>\n\t\t\t\t<div class=\"elementor-post__badge\">Auto norakst\u012b\u0161ana<\/div>\n\t\t\t\t<div class=\"elementor-post__text\">\n\t\t\t\t<h3 class=\"elementor-post__title\">\n\t\t\t<a href=\"https:\/\/www.vulkans.lv\/ru\/izmainas-transportlidzekla-ekspluatacijas-nodokla-nomaksa\/\" >\n\t\t\t\tIzmai\u0146as transportl\u012bdzek\u013ca ekspluat\u0101cijas nodok\u013ca nomaks\u0101.\t\t\t<\/a>\n\t\t<\/h3>\n\t\t\t\t<div class=\"elementor-post__excerpt\">\n\t\t\t<p>CSDD izs\u016bt\u012bjusi informat\u012bvu atg\u0101din\u0101jumu par transportl\u012bdzek\u013cu ekspluat\u0101cijas nodok\u013ca nomaksas nepiecie\u0161am\u012bbu 09.01.2026. VAS \u201cCe\u013cu satiksmes dro\u0161\u012bbas direkcija\u201d (CSDD) inform\u0113, ka ir izs\u016bt\u012bjusi informat\u012bvus atg\u0101din\u0101jumus transportl\u012bdzek\u013cu tur\u0113t\u0101jiem<\/p>\n\t\t<\/div>\n\t\t\n\t\t<a class=\"elementor-post__read-more\" href=\"https:\/\/www.vulkans.lv\/ru\/izmainas-transportlidzekla-ekspluatacijas-nodokla-nomaksa\/\" aria-label=\"Read more about Izmai\u0146as transportl\u012bdzek\u013ca ekspluat\u0101cijas nodok\u013ca nomaks\u0101.\" tabindex=\"-1\" >\n\t\t\tLas\u012bt vair\u0101k\t\t<\/a>\n\n\t\t\t\t<\/div>\n\t\t\t\t<div class=\"elementor-post__meta-data\">\n\t\t\t\t\t<span class=\"elementor-post-date\">\n\t\t\t18 \u0438\u044e\u043d\u044f, 2024\t\t<\/span>\n\t\t\t\t<\/div>\n\t\t\t\t\t<\/div>\n\t\t<\/article>\n\t\t\t\t<article class=\"elementor-post elementor-grid-item post-349 post type-post status-publish format-standard has-post-thumbnail hentry category-auto-norakstisana category-jaunumi\" role=\"listitem\">\n\t\t\t<div class=\"elementor-post__card\">\n\t\t\t\t<a class=\"elementor-post__thumbnail__link\" href=\"https:\/\/www.vulkans.lv\/ru\/transportlidzeklu-utilizacija-un-auto-norakstisana\/\" tabindex=\"-1\" ><div class=\"elementor-post__thumbnail\"><img decoding=\"async\" width=\"768\" height=\"512\" src=\"https:\/\/www.vulkans.lv\/wp-content\/uploads\/2024\/06\/ChatGPT-_Transportlidzeklu_utilizacija_un_auto_norakstisana_Latvija-768x512.png\" class=\"attachment-medium_large size-medium_large wp-image-1020\" alt=\"Transportl\u012bdzek\u013cu utiliz\u0101cija un auto norakst\u012b\u0161ana Latvij\u0101\" srcset=\"https:\/\/www.vulkans.lv\/wp-content\/uploads\/2024\/06\/ChatGPT-_Transportlidzeklu_utilizacija_un_auto_norakstisana_Latvija-768x512.png 768w, https:\/\/www.vulkans.lv\/wp-content\/uploads\/2024\/06\/ChatGPT-_Transportlidzeklu_utilizacija_un_auto_norakstisana_Latvija-300x200.png 300w, https:\/\/www.vulkans.lv\/wp-content\/uploads\/2024\/06\/ChatGPT-_Transportlidzeklu_utilizacija_un_auto_norakstisana_Latvija-1024x683.png 1024w, https:\/\/www.vulkans.lv\/wp-content\/uploads\/2024\/06\/ChatGPT-_Transportlidzeklu_utilizacija_un_auto_norakstisana_Latvija-18x12.png 18w, https:\/\/www.vulkans.lv\/wp-content\/uploads\/2024\/06\/ChatGPT-_Transportlidzeklu_utilizacija_un_auto_norakstisana_Latvija.png 1536w\" sizes=\"(max-width: 768px) 100vw, 768px\" \/><\/div><\/a>\n\t\t\t\t<div class=\"elementor-post__badge\">Auto norakst\u012b\u0161ana<\/div>\n\t\t\t\t<div class=\"elementor-post__text\">\n\t\t\t\t<h3 class=\"elementor-post__title\">\n\t\t\t<a href=\"https:\/\/www.vulkans.lv\/ru\/transportlidzeklu-utilizacija-un-auto-norakstisana\/\" >\n\t\t\t\tTransportl\u012bdzek\u013cu utiliz\u0101cija un auto norakst\u012b\u0161ana Latvij\u0101\t\t\t<\/a>\n\t\t<\/h3>\n\t\t\t\t<div class=\"elementor-post__excerpt\">\n\t\t\t<p>Transportl\u012bdzek\u013cu utiliz\u0101cija un auto norakst\u012b\u0161ana Latvij\u0101 ir reglament\u0113ts process, kas j\u0101veic atbilsto\u0161i normat\u012bvajiem aktiem. Ce\u013cu satiksmes noteikumi un Nolietoto transportl\u012bdzek\u013cu apsaimnieko\u0161anas likums nosaka, k\u0101 dro\u0161i<\/p>\n\t\t<\/div>\n\t\t\n\t\t<a class=\"elementor-post__read-more\" href=\"https:\/\/www.vulkans.lv\/ru\/transportlidzeklu-utilizacija-un-auto-norakstisana\/\" aria-label=\"Read more about Transportl\u012bdzek\u013cu utiliz\u0101cija un auto norakst\u012b\u0161ana Latvij\u0101\" tabindex=\"-1\" >\n\t\t\tLas\u012bt vair\u0101k\t\t<\/a>\n\n\t\t\t\t<\/div>\n\t\t\t\t<div class=\"elementor-post__meta-data\">\n\t\t\t\t\t<span class=\"elementor-post-date\">\n\t\t\t18 \u0438\u044e\u043d\u044f, 2024\t\t<\/span>\n\t\t\t\t<\/div>\n\t\t\t\t\t<\/div>\n\t\t<\/article>\n\t\t\t\t<\/div>\n\t\t\t\t\t<span class=\"e-load-more-spinner\">\n\t\t\t\t<svg aria-hidden=\"true\" class=\"e-font-icon-svg e-fas-spinner\" viewbox=\"0 0 512 512\" xmlns=\"http:\/\/www.w3.org\/2000\/svg\"><path d=\"M304 48c0 26.51-21.49 48-48 48s-48-21.49-48-48 21.49-48 48-48 48 21.49 48 48zm-48 368c-26.51 0-48 21.49-48 48s21.49 48 48 48 48-21.49 48-48-21.49-48-48-48zm208-208c-26.51 0-48 21.49-48 48s21.49 48 48 48 48-21.49 48-48-21.49-48-48-48zM96 256c0-26.51-21.49-48-48-48S0 229.49 0 256s21.49 48 48 48 48-21.49 48-48zm12.922 99.078c-26.51 0-48 21.49-48 48s21.49 48 48 48 48-21.49 48-48c0-26.509-21.491-48-48-48zm294.156 0c-26.51 0-48 21.49-48 48s21.49 48 48 48 48-21.49 48-48c0-26.509-21.49-48-48-48zM108.922 60.922c-26.51 0-48 21.49-48 48s21.49 48 48 48 48-21.49 48-48-21.491-48-48-48z\"><\/path><\/svg>\t\t\t<\/span>\n\t\t\n\t\t\t\t<div class=\"e-load-more-anchor\" data-page=\"1\" data-max-page=\"2\" data-next-page=\"https:\/\/www.vulkans.lv\/ru\/wp-json\/wp\/v2\/pages\/387\/page\/2\/\"><\/div>\n\t\t\t\t<div class=\"elementor-button-wrapper\">\n\t\t\t<a class=\"elementor-button elementor-size-sm\" role=\"button\">\n\t\t\t\t\t\t<span class=\"elementor-button-content-wrapper\">\n\t\t\t\t\t\t\t\t\t<span class=\"elementor-button-text\">Vair\u0101k<\/span>\n\t\t\t\t\t<\/span>\n\t\t\t\t\t<\/a>\n\t\t<\/div>\n\t\t\t\t<div class=\"e-load-more-message\"><\/div>\n\t\t\t\t\t\t<\/div>\n\t\t\t\t<\/div>\n\t\t\t\t<\/div>\n\t\t\t\t<\/div>\n\t\t\t\t<\/div>","protected":false},"excerpt":{"rendered":"<p>Blogs<\/p>","protected":false},"author":1,"featured_media":0,"parent":0,"menu_order":0,"comment_status":"closed","ping_status":"closed","template":"","meta":{"footnotes":""},"class_list":["post-387","page","type-page","status-publish","hentry"],"_links":{"self":[{"href":"https:\/\/www.vulkans.lv\/ru\/wp-json\/wp\/v2\/pages\/387","targetHints":{"allow":["GET"]}}],"collection":[{"href":"https:\/\/www.vulkans.lv\/ru\/wp-json\/wp\/v2\/pages"}],"about":[{"href":"https:\/\/www.vulkans.lv\/ru\/wp-json\/wp\/v2\/types\/page"}],"author":[{"embeddable":true,"href":"https:\/\/www.vulkans.lv\/ru\/wp-json\/wp\/v2\/users\/1"}],"replies":[{"embeddable":true,"href":"https:\/\/www.vulkans.lv\/ru\/wp-json\/wp\/v2\/comments?post=387"}],"version-history":[{"count":0,"href":"https:\/\/www.vulkans.lv\/ru\/wp-json\/wp\/v2\/pages\/387\/revisions"}],"wp:attachment":[{"href":"https:\/\/www.vulkans.lv\/ru\/wp-json\/wp\/v2\/media?parent=387"}],"curies":[{"name":"wp","href":"https:\/\/api.w.org\/{rel}","templated":true}]}}