{"id":401,"date":"2024-06-19T08:05:52","date_gmt":"2024-06-19T08:05:52","guid":{"rendered":"https:\/\/www.vulkans.lv\/?page_id=401"},"modified":"2026-02-17T10:19:41","modified_gmt":"2026-02-17T10:19:41","slug":"metalluzni","status":"publish","type":"page","link":"https:\/\/www.vulkans.lv\/ru\/metalluzni\/","title":{"rendered":"Met\u0101ll\u016b\u017e\u0146i"},"content":{"rendered":"<div data-elementor-type=\"wp-page\" data-elementor-id=\"401\" class=\"elementor elementor-401\" data-elementor-post-type=\"page\">\n\t\t\t\t<div class=\"elementor-element elementor-element-9789362 e-con-full e-flex e-con e-parent\" data-id=\"9789362\" data-element_type=\"container\" data-e-type=\"container\" data-settings=\"{&quot;background_background&quot;:&quot;classic&quot;}\">\n\t\t\t\t<div class=\"elementor-element elementor-element-632fe63 elementor-widget elementor-widget-heading\" data-id=\"632fe63\" data-element_type=\"widget\" data-e-type=\"widget\" data-widget_type=\"heading.default\">\n\t\t\t\t<div class=\"elementor-widget-container\">\n\t\t\t\t\t<h2 class=\"elementor-heading-title elementor-size-default\">Met\u0101ll\u016b\u017e\u0146i<\/h2>\t\t\t\t<\/div>\n\t\t\t\t<\/div>\n\t\t\t\t<\/div>\n\t\t<div class=\"elementor-element elementor-element-e8e4a53 e-con-full e-flex e-con e-parent\" data-id=\"e8e4a53\" data-element_type=\"container\" data-e-type=\"container\">\n\t\t\t\t<div class=\"elementor-element elementor-element-a1c017f elementor-widget elementor-widget-text-editor\" data-id=\"a1c017f\" data-element_type=\"widget\" data-e-type=\"widget\" data-widget_type=\"text-editor.default\">\n\t\t\t\t<div class=\"elementor-widget-container\">\n\t\t\t\t\t\t\t\t\t<p>SIA &#8220;Vulk\u0101ns&#8221; ir pieredz\u0113jis un uzticams partneris met\u0101ll\u016b\u017e\u0146u iepirk\u0161anas un p\u0101rstr\u0101des jom\u0101.<\/p>\n<p>Kop\u0161 1996. gada m\u0113s veiksm\u012bgi darbojamies melno un kr\u0101saino met\u0101ll\u016b\u017e\u0146u tirg\u016b, k\u013c\u016bstot par nozares l\u012bderi Aizkraukles rajon\u0101 un novad\u0101.<\/p>\n<p><strong>M\u016bsu uz\u0146\u0113mums pied\u0101v\u0101 pilnu pakalpojumu kl\u0101stu:<\/strong><\/p>\n<ul>\n<li style=\"list-style-type: none;\">\n<ul>\n<li>Melno un kr\u0101saino met\u0101ll\u016b\u017e\u0146u iepirk\u0161ana un p\u0101rstr\u0101de.<\/li>\n<li>Met\u0101ll\u016b\u017e\u0146u demont\u0101\u017ea un izve\u0161ana no klienta teritorijas.<\/li>\n<li>Nolietotu transporta l\u012bdzek\u013cu utiliz\u0101cija, norakst\u012b\u0161ana un no\u0146em\u0161ana no uzskaites.<\/li>\n<\/ul>\n<\/li>\n<\/ul>\n<p><span style=\"color: var( --e-global-color-text ); font-family: var( --e-global-typography-text-font-family ), Sans-serif; font-size: var( --e-global-typography-text-font-size ); font-weight: var( --e-global-typography-text-font-weight ); text-align: var(--text-align);\">SIA &#8220;Vulk\u0101ns&#8221; ik gadu p\u0101rstr\u0101d\u0101 vid\u0113ji 1500 tonnu met\u0101la, nodro\u0161inot konkur\u0113tsp\u0113j\u012bgas met\u0101ll\u016b\u017e\u0146u cenas un augstu pakalpojumu kvalit\u0101ti.<\/span><\/p>\n<p>M\u0113s garant\u0113jam \u0101tru un dro\u0161u nor\u0113\u0137inu \u2013 maks\u0101jumi tiek veikti vid\u0113ji 10 min\u016b\u0161u laik\u0101 p\u0113c dokumentu noform\u0113\u0161anas.<\/p>\n<p>Izv\u0113loties m\u016bs, j\u016bs izv\u0113laties profesion\u0101lismu, uzticam\u012bbu un \u0101tru apkalpo\u0161anu!<\/p>\t\t\t\t\t\t\t\t<\/div>\n\t\t\t\t<\/div>\n\t\t\t\t<\/div>\n\t\t\t\t<\/div>","protected":false},"excerpt":{"rendered":"<p>Met\u0101ll\u016b\u017e\u0146i SIA &#8220;Vulk\u0101ns&#8221; ir pieredz\u0113jis un uzticams partneris met\u0101ll\u016b\u017e\u0146u iepirk\u0161anas un p\u0101rstr\u0101des jom\u0101. Kop\u0161 1996. gada m\u0113s veiksm\u012bgi darbojamies melno un kr\u0101saino met\u0101ll\u016b\u017e\u0146u tirg\u016b, k\u013c\u016bstot par nozares l\u012bderi Aizkraukles rajon\u0101 un novad\u0101. M\u016bsu uz\u0146\u0113mums pied\u0101v\u0101 pilnu pakalpojumu kl\u0101stu: Melno un kr\u0101saino met\u0101ll\u016b\u017e\u0146u iepirk\u0161ana un p\u0101rstr\u0101de. Met\u0101ll\u016b\u017e\u0146u demont\u0101\u017ea un izve\u0161ana no klienta teritorijas. Nolietotu transporta l\u012bdzek\u013cu [&hellip;]<\/p>","protected":false},"author":1,"featured_media":0,"parent":0,"menu_order":0,"comment_status":"closed","ping_status":"closed","template":"","meta":{"footnotes":""},"class_list":["post-401","page","type-page","status-publish","hentry"],"_links":{"self":[{"href":"https:\/\/www.vulkans.lv\/ru\/wp-json\/wp\/v2\/pages\/401","targetHints":{"allow":["GET"]}}],"collection":[{"href":"https:\/\/www.vulkans.lv\/ru\/wp-json\/wp\/v2\/pages"}],"about":[{"href":"https:\/\/www.vulkans.lv\/ru\/wp-json\/wp\/v2\/types\/page"}],"author":[{"embeddable":true,"href":"https:\/\/www.vulkans.lv\/ru\/wp-json\/wp\/v2\/users\/1"}],"replies":[{"embeddable":true,"href":"https:\/\/www.vulkans.lv\/ru\/wp-json\/wp\/v2\/comments?post=401"}],"version-history":[{"count":0,"href":"https:\/\/www.vulkans.lv\/ru\/wp-json\/wp\/v2\/pages\/401\/revisions"}],"wp:attachment":[{"href":"https:\/\/www.vulkans.lv\/ru\/wp-json\/wp\/v2\/media?parent=401"}],"curies":[{"name":"wp","href":"https:\/\/api.w.org\/{rel}","templated":true}]}}